{"id":5721,"date":"2014-02-07T11:46:58","date_gmt":"2014-02-07T10:46:58","guid":{"rendered":"https:\/\/vogueliveband.com\/nos-videos\/"},"modified":"2025-08-25T16:14:52","modified_gmt":"2025-08-25T14:14:52","slug":"our-videos","status":"publish","type":"page","link":"https:\/\/vogueliveband.com\/en\/our-videos\/","title":{"rendered":"Our videos"},"content":{"rendered":"<div id=\"utvs_69dc2f50e4a19\" class=\"ut-shortcode-video-wrap \"><figure class=\"ut-video-caption\"><a class=\"ut-load-video\" data-video=\"https:\/\/vimeo.com\/899212411\"><img decoding=\"async\" alt=\"Video\" src=\"https:\/\/vogueliveband.com\/wp-content\/uploads\/2024\/01\/img-video-Teaser-de-presentation.jpg\" \/><i class=\"fa fa-youtube-play fa-4x fa-border\"><\/i><\/a><\/figure><div class=\"ut-video-loading\"><i class=\"fa fa-spinner fa-3x fa-spin\"><\/i><\/div><\/div>\n<p><strong>Teaser Presentation<\/strong><\/p>\n<div id=\"utvs_69dc2f50e4adc\" class=\"ut-shortcode-video-wrap \"><figure class=\"ut-video-caption\"><a class=\"ut-load-video\" data-video=\"https:\/\/vimeo.com\/1034240380\"><img decoding=\"async\" alt=\"Video\" src=\"https:\/\/vogueliveband.com\/wp-content\/uploads\/2024\/11\/presentation-teaser-monaco-1200x640-1.jpg\" \/><i class=\"fa fa-youtube-play fa-4x fa-border\"><\/i><\/a><\/figure><div class=\"ut-video-loading\"><i class=\"fa fa-spinner fa-3x fa-spin\"><\/i><\/div><\/div>\n<p><strong>Teaser Monaco<\/strong><\/p>\n<div id=\"utvs_69dc2f50e4af7\" class=\"ut-shortcode-video-wrap \"><figure class=\"ut-video-caption\"><a class=\"ut-load-video\" data-video=\"https:\/\/vimeo.com\/1034238792\"><img decoding=\"async\" alt=\"Video\" src=\"https:\/\/vogueliveband.com\/wp-content\/uploads\/2024\/11\/loose-control-1200x640-1.jpg\" \/><i class=\"fa fa-youtube-play fa-4x fa-border\"><\/i><\/a><\/figure><div class=\"ut-video-loading\"><i class=\"fa fa-spinner fa-3x fa-spin\"><\/i><\/div><\/div>\n<p><strong>Loose Control<\/strong><\/p>\n<div id=\"utvs_69dc2f50e4b0b\" class=\"ut-shortcode-video-wrap \"><figure class=\"ut-video-caption\"><a class=\"ut-load-video\" data-video=\"https:\/\/vimeo.com\/1034241872\"><img decoding=\"async\" alt=\"Video\" src=\"https:\/\/vogueliveband.com\/wp-content\/uploads\/2024\/11\/i-will-allways-love-you-1200x640-1.jpg\" \/><i class=\"fa fa-youtube-play fa-4x fa-border\"><\/i><\/a><\/figure><div class=\"ut-video-loading\"><i class=\"fa fa-spinner fa-3x fa-spin\"><\/i><\/div><\/div>\n<p><strong>I Will Allways Love You<\/strong><\/p>\n<div id=\"utvs_69dc2f50e4b1e\" class=\"ut-shortcode-video-wrap \"><figure class=\"ut-video-caption\"><a class=\"ut-load-video\" data-video=\"https:\/\/vimeo.com\/1034242856\"><img decoding=\"async\" alt=\"Video\" src=\"https:\/\/vogueliveband.com\/wp-content\/uploads\/2024\/12\/teaser-lithuanie2-1200x640-1.jpg\" \/><i class=\"fa fa-youtube-play fa-4x fa-border\"><\/i><\/a><\/figure><div class=\"ut-video-loading\"><i class=\"fa fa-spinner fa-3x fa-spin\"><\/i><\/div><\/div>\n<p><strong>Lithuanie&#8217;s Teaser<\/strong><\/p>\n<div  class=\"ut-one-half  \">\n<p><div id=\"utvs_69dc2f50e4bb8\" class=\"ut-shortcode-video-wrap \"><figure class=\"ut-video-caption\"><a class=\"ut-load-video\" data-video=\"https:\/\/vimeo.com\/899433719\"><img decoding=\"async\" alt=\"Video\" src=\"https:\/\/vogueliveband.com\/wp-content\/uploads\/2024\/01\/img-video-watermelon-sugar-1.jpg\" \/><i class=\"fa fa-youtube-play fa-4x fa-border\"><\/i><\/a><\/figure><div class=\"ut-video-loading\"><i class=\"fa fa-spinner fa-3x fa-spin\"><\/i><\/div><\/div><\/p>\n<\/div>\n<div  class=\"ut-one-half ut-column-last  \">\n<p><div id=\"utvs_69dc2f50e4bfc\" class=\"ut-shortcode-video-wrap \"><figure class=\"ut-video-caption\"><a class=\"ut-load-video\" data-video=\"https:\/\/vimeo.com\/899434321\"><img decoding=\"async\" alt=\"Video\" src=\"https:\/\/vogueliveband.com\/wp-content\/uploads\/2024\/01\/img-video-Lovly-Day.jpg\" \/><i class=\"fa fa-youtube-play fa-4x fa-border\"><\/i><\/a><\/figure><div class=\"ut-video-loading\"><i class=\"fa fa-spinner fa-3x fa-spin\"><\/i><\/div><\/div><\/p>\n<\/div><div class=\"clear\"><\/div>\n<div  class=\"ut-one-half  \">\n<p><strong>Watermelon Sugar<\/strong><\/p>\n<\/div>\n<div  class=\"ut-one-half ut-column-last  \">\n<p><strong>Lovely Day<\/strong><\/p>\n<\/div><div class=\"clear\"><\/div>\n<div id=\"utvs_69dc2f50e4c24\" class=\"ut-shortcode-video-wrap \"><figure class=\"ut-video-caption\"><a class=\"ut-load-video\" data-video=\"https:\/\/vimeo.com\/899434637\"><img decoding=\"async\" alt=\"Video\" src=\"https:\/\/vogueliveband.com\/wp-content\/uploads\/2024\/01\/img-video-Leave-the-door-open.jpg\" \/><i class=\"fa fa-youtube-play fa-4x fa-border\"><\/i><\/a><\/figure><div class=\"ut-video-loading\"><i class=\"fa fa-spinner fa-3x fa-spin\"><\/i><\/div><\/div>\n<p><strong>Leave The Door Open<\/strong><\/p>\n<div id=\"utvs_69dc2f50e4c36\" class=\"ut-shortcode-video-wrap \"><figure class=\"ut-video-caption\"><a class=\"ut-load-video\" data-video=\"https:\/\/vimeo.com\/1034244636\"><img decoding=\"async\" alt=\"Video\" src=\"https:\/\/vogueliveband.com\/wp-content\/uploads\/2024\/11\/heart-1200x640-1.jpg\" \/><i class=\"fa fa-youtube-play fa-4x fa-border\"><\/i><\/a><\/figure><div class=\"ut-video-loading\"><i class=\"fa fa-spinner fa-3x fa-spin\"><\/i><\/div><\/div>\n<p><strong>Heart<\/strong><\/p>\n<div  class=\"ut-one-half  \">\n<p><div id=\"utvs_69dc2f50e4c62\" class=\"ut-shortcode-video-wrap \"><figure class=\"ut-video-caption\"><a class=\"ut-load-video\" data-video=\"https:\/\/vimeo.com\/1034179196\"><img decoding=\"async\" alt=\"Video\" src=\"https:\/\/vogueliveband.com\/wp-content\/uploads\/2024\/11\/cant-hold-us-jump-1200x640-1.jpg\" \/><i class=\"fa fa-youtube-play fa-4x fa-border\"><\/i><\/a><\/figure><div class=\"ut-video-loading\"><i class=\"fa fa-spinner fa-3x fa-spin\"><\/i><\/div><\/div><\/p>\n<\/div>\n<div  class=\"ut-one-half ut-column-last  \">\n<p><div id=\"utvs_69dc2f50e4c92\" class=\"ut-shortcode-video-wrap \"><figure class=\"ut-video-caption\"><a class=\"ut-load-video\" data-video=\"https:\/\/vimeo.com\/1034188754\"><img decoding=\"async\" alt=\"Video\" src=\"https:\/\/vogueliveband.com\/wp-content\/uploads\/2024\/11\/uptown-funk-1200x640-1.jpg\" \/><i class=\"fa fa-youtube-play fa-4x fa-border\"><\/i><\/a><\/figure><div class=\"ut-video-loading\"><i class=\"fa fa-spinner fa-3x fa-spin\"><\/i><\/div><\/div><\/p>\n<\/div><div class=\"clear\"><\/div>\n<div  class=\"ut-one-half  \">\n<p><strong>Can&#8217;t Hold Us &amp; Jump<\/strong><\/p>\n<\/div>\n<div  class=\"ut-one-half ut-column-last  \">\n<p><strong>Uptown Funk<\/strong><\/p>\n<\/div><div class=\"clear\"><\/div>\n<div  class=\"ut-one-half  \">\n<p><div id=\"utvs_69dc2f50e4ccb\" class=\"ut-shortcode-video-wrap \"><figure class=\"ut-video-caption\"><a class=\"ut-load-video\" data-video=\"https:\/\/vimeo.com\/1034186163\"><img decoding=\"async\" alt=\"Video\" src=\"https:\/\/vogueliveband.com\/wp-content\/uploads\/2024\/11\/gimme-gimme-1200x640-1.jpg\" \/><i class=\"fa fa-youtube-play fa-4x fa-border\"><\/i><\/a><\/figure><div class=\"ut-video-loading\"><i class=\"fa fa-spinner fa-3x fa-spin\"><\/i><\/div><\/div><\/p>\n<\/div>\n<div  class=\"ut-one-half ut-column-last  \">\n<p><div id=\"utvs_69dc2f50e4cf9\" class=\"ut-shortcode-video-wrap \"><figure class=\"ut-video-caption\"><a class=\"ut-load-video\" data-video=\"https:\/\/vimeo.com\/1034246678\"><img decoding=\"async\" alt=\"Video\" src=\"https:\/\/vogueliveband.com\/wp-content\/uploads\/2024\/11\/cut-it-1200x640-1.jpg\" \/><i class=\"fa fa-youtube-play fa-4x fa-border\"><\/i><\/a><\/figure><div class=\"ut-video-loading\"><i class=\"fa fa-spinner fa-3x fa-spin\"><\/i><\/div><\/div><\/p>\n<\/div><div class=\"clear\"><\/div>\n<div  class=\"ut-one-half  \">\n<p><strong>Gimme Gimme<\/strong><\/p>\n<\/div>\n<div  class=\"ut-one-half ut-column-last  \">\n<p><strong>Cut It &amp; Break My Soul<\/strong><\/p>\n<\/div><div class=\"clear\"><\/div>\n<div  class=\"ut-one-half  \">\n<p><div id=\"utvs_69dc2f50e4d2f\" class=\"ut-shortcode-video-wrap \"><figure class=\"ut-video-caption\"><a class=\"ut-load-video\" data-video=\"https:\/\/vimeo.com\/776614686\"><img decoding=\"async\" alt=\"Video\" src=\"https:\/\/vogueliveband.com\/wp-content\/uploads\/2024\/01\/img-video-lean-on-me-Bis.jpg\" \/><i class=\"fa fa-youtube-play fa-4x fa-border\"><\/i><\/a><\/figure><div class=\"ut-video-loading\"><i class=\"fa fa-spinner fa-3x fa-spin\"><\/i><\/div><\/div><\/p>\n<\/div>\n<div  class=\"ut-one-half ut-column-last  \">\n<p><div id=\"utvs_69dc2f50e4d5c\" class=\"ut-shortcode-video-wrap \"><figure class=\"ut-video-caption\"><a class=\"ut-load-video\" data-video=\"https:\/\/vimeo.com\/1034248690\"><img decoding=\"async\" alt=\"Video\" src=\"https:\/\/vogueliveband.com\/wp-content\/uploads\/2024\/11\/sexual-healing-1200x640-1.jpg\" \/><i class=\"fa fa-youtube-play fa-4x fa-border\"><\/i><\/a><\/figure><div class=\"ut-video-loading\"><i class=\"fa fa-spinner fa-3x fa-spin\"><\/i><\/div><\/div><\/p>\n<\/div><div class=\"clear\"><\/div>\n<div  class=\"ut-one-half  \">\n<p><strong>Lean on me (Come Lake)<\/strong><\/p>\n<\/div>\n<div  class=\"ut-one-half ut-column-last  \">\n<p><strong>Sexual Healing<\/strong><\/p>\n<\/div><div class=\"clear\"><\/div>\n<div id=\"utvs_69dc2f50e4d7c\" class=\"ut-shortcode-video-wrap \"><figure class=\"ut-video-caption\"><a class=\"ut-load-video\" data-video=\"https:\/\/vimeo.com\/1034249805\"><img decoding=\"async\" alt=\"Video\" src=\"https:\/\/vogueliveband.com\/wp-content\/uploads\/2024\/11\/baby-be-mine-1200x640-1.jpg\" \/><i class=\"fa fa-youtube-play fa-4x fa-border\"><\/i><\/a><\/figure><div class=\"ut-video-loading\"><i class=\"fa fa-spinner fa-3x fa-spin\"><\/i><\/div><\/div>\n<p><strong>Baby Be Mine (In New York)<\/strong><\/p>\n<div id=\"utvs_69dc2f50e4d8d\" class=\"ut-shortcode-video-wrap \"><figure class=\"ut-video-caption\"><a class=\"ut-load-video\" data-video=\"https:\/\/vimeo.com\/899435506\"><img decoding=\"async\" alt=\"Video\" src=\"https:\/\/vogueliveband.com\/wp-content\/uploads\/2024\/01\/img-video-teaser-ibiza.jpg\" \/><i class=\"fa fa-youtube-play fa-4x fa-border\"><\/i><\/a><\/figure><div class=\"ut-video-loading\"><i class=\"fa fa-spinner fa-3x fa-spin\"><\/i><\/div><\/div>\n<p><strong>Ibiza&#8217;s Teaser<\/strong><\/p>\n<div id=\"utvs_69dc2f50e4d9c\" class=\"ut-shortcode-video-wrap \"><figure class=\"ut-video-caption\"><a class=\"ut-load-video\" data-video=\"https:\/\/vimeo.com\/899251624\"><img decoding=\"async\" alt=\"Video\" src=\"https:\/\/vogueliveband.com\/wp-content\/uploads\/2024\/01\/img-video-Clip.jpg\" \/><i class=\"fa fa-youtube-play fa-4x fa-border\"><\/i><\/a><\/figure><div class=\"ut-video-loading\"><i class=\"fa fa-spinner fa-3x fa-spin\"><\/i><\/div><\/div>\n<p><strong>Isra\u00ebl&#8217;s Teaser<\/strong><\/p>\n<div id=\"utvs_69dc2f50e4daa\" class=\"ut-shortcode-video-wrap \"><figure class=\"ut-video-caption\"><a class=\"ut-load-video\" data-video=\"https:\/\/vimeo.com\/899252928\"><img decoding=\"async\" alt=\"Video\" src=\"https:\/\/vogueliveband.com\/wp-content\/uploads\/2024\/01\/img-video-teaser-Moncao-1.jpg\" \/><i class=\"fa fa-youtube-play fa-4x fa-border\"><\/i><\/a><\/figure><div class=\"ut-video-loading\"><i class=\"fa fa-spinner fa-3x fa-spin\"><\/i><\/div><\/div>\n<p><strong>Monaco&#8217;s Teaser<\/strong><\/p>\n<div  class=\"ut-one-half  \">\n<p><div id=\"utvs_69dc2f50e4dd1\" class=\"ut-shortcode-video-wrap \"><figure class=\"ut-video-caption\"><a class=\"ut-load-video\" data-video=\"https:\/\/vimeo.com\/899435878\"><img decoding=\"async\" alt=\"Video\" src=\"https:\/\/vogueliveband.com\/wp-content\/uploads\/2024\/11\/when-a-man-loves-a-woman-1200x640-1.jpg\" \/><i class=\"fa fa-youtube-play fa-4x fa-border\"><\/i><\/a><\/figure><div class=\"ut-video-loading\"><i class=\"fa fa-spinner fa-3x fa-spin\"><\/i><\/div><\/div><\/p>\n<\/div>\n<div  class=\"ut-one-half ut-column-last  \">\n<p><div id=\"utvs_69dc2f50e4dfe\" class=\"ut-shortcode-video-wrap \"><figure class=\"ut-video-caption\"><a class=\"ut-load-video\" data-video=\"https:\/\/vimeo.com\/1034251661\"><img decoding=\"async\" alt=\"Video\" src=\"https:\/\/vogueliveband.com\/wp-content\/uploads\/2024\/11\/giant-begin-1200x640-1.jpg\" \/><i class=\"fa fa-youtube-play fa-4x fa-border\"><\/i><\/a><\/figure><div class=\"ut-video-loading\"><i class=\"fa fa-spinner fa-3x fa-spin\"><\/i><\/div><\/div><\/p>\n<\/div><div class=\"clear\"><\/div>\n<div  class=\"ut-one-half  \">\n<p><strong>When A Man Loves The Woman<\/strong><\/p>\n<\/div>\n<div  class=\"ut-one-half ut-column-last  \">\n<p><strong>Giant &amp; Beggin\u2019 &amp; Treasure<\/strong><\/p>\n<\/div><div class=\"clear\"><\/div>\n<div id=\"utvs_69dc2f50e4e1d\" class=\"ut-shortcode-video-wrap \"><figure class=\"ut-video-caption\"><a class=\"ut-load-video\" data-video=\"https:\/\/vimeo.com\/1036023827\"><img decoding=\"async\" alt=\"Video\" src=\"https:\/\/vogueliveband.com\/wp-content\/uploads\/2024\/12\/22-5-final-1200x640-1.jpg\" \/><i class=\"fa fa-youtube-play fa-4x fa-border\"><\/i><\/a><\/figure><div class=\"ut-video-loading\"><i class=\"fa fa-spinner fa-3x fa-spin\"><\/i><\/div><\/div>\n<p><strong>Final<\/strong><\/p>\n<div  class=\"ut-one-half  \">\n<p><div id=\"utvs_69dc2f50e4e44\" class=\"ut-shortcode-video-wrap \"><figure class=\"ut-video-caption\"><a class=\"ut-load-video\" data-video=\"https:\/\/vimeo.com\/899436216\"><img decoding=\"async\" alt=\"Video\" src=\"https:\/\/vogueliveband.com\/wp-content\/uploads\/2024\/11\/riviera1-1200x640-1.jpg\" \/><i class=\"fa fa-youtube-play fa-4x fa-border\"><\/i><\/a><\/figure><div class=\"ut-video-loading\"><i class=\"fa fa-spinner fa-3x fa-spin\"><\/i><\/div><\/div><\/p>\n<\/div>\n<div  class=\"ut-one-half ut-column-last  \">\n<p><div id=\"utvs_69dc2f50e4e70\" class=\"ut-shortcode-video-wrap \"><figure class=\"ut-video-caption\"><a class=\"ut-load-video\" data-video=\"https:\/\/vimeo.com\/899436415\"><img decoding=\"async\" alt=\"Video\" src=\"https:\/\/vogueliveband.com\/wp-content\/uploads\/2024\/11\/riviera2-1200x640-1.jpg\" \/><i class=\"fa fa-youtube-play fa-4x fa-border\"><\/i><\/a><\/figure><div class=\"ut-video-loading\"><i class=\"fa fa-spinner fa-3x fa-spin\"><\/i><\/div><\/div><\/p>\n<\/div><div class=\"clear\"><\/div>\n<div  class=\"ut-one-half  \">\n<p><strong>Clip Riviera 1<\/strong><\/p>\n<\/div>\n<div  class=\"ut-one-half ut-column-last  \">\n<p><strong>Clip Riviera 2<\/strong><\/p>\n<\/div><div class=\"clear\"><\/div>\n<div  class=\"ut-one-half  \">\n<p><div id=\"utvs_69dc2f50e4ea5\" class=\"ut-shortcode-video-wrap \"><figure class=\"ut-video-caption\"><a class=\"ut-load-video\" data-video=\"https:\/\/vimeo.com\/1034183380\"><img decoding=\"async\" alt=\"Video\" src=\"https:\/\/vogueliveband.com\/wp-content\/uploads\/2024\/11\/aint-no-mountain-1200x640-1.jpg\" \/><i class=\"fa fa-youtube-play fa-4x fa-border\"><\/i><\/a><\/figure><div class=\"ut-video-loading\"><i class=\"fa fa-spinner fa-3x fa-spin\"><\/i><\/div><\/div><\/p>\n<\/div>\n<div  class=\"ut-one-half ut-column-last  \">\n<p><div id=\"utvs_69dc2f50e4ed1\" class=\"ut-shortcode-video-wrap \"><figure class=\"ut-video-caption\"><a class=\"ut-load-video\" data-video=\"https:\/\/vimeo.com\/899435654\"><img decoding=\"async\" alt=\"Video\" src=\"https:\/\/vogueliveband.com\/wp-content\/uploads\/2024\/11\/dubai-teaser-1200x640-1.jpg\" \/><i class=\"fa fa-youtube-play fa-4x fa-border\"><\/i><\/a><\/figure><div class=\"ut-video-loading\"><i class=\"fa fa-spinner fa-3x fa-spin\"><\/i><\/div><\/div><\/p>\n<\/div><div class=\"clear\"><\/div>\n<div  class=\"ut-one-half  \">\n<p><strong>Ain&#8217;t No Mountain High Enough<\/strong><\/p>\n<\/div>\n<div  class=\"ut-one-half ut-column-last  \">\n<p><strong>Duba\u00ef&#8217;s Teaser<\/strong><\/p>\n<\/div><div class=\"clear\"><\/div>\n<div  class=\"ut-one-half  \">\n<p><div id=\"utvs_69dc2f50e4f06\" class=\"ut-shortcode-video-wrap \"><figure class=\"ut-video-caption\"><a class=\"ut-load-video\" data-video=\"https:\/\/vimeo.com\/1034182477\"><img decoding=\"async\" alt=\"Video\" src=\"https:\/\/vogueliveband.com\/wp-content\/uploads\/2024\/11\/i-like-to-moove-it-1200x640-1.jpg\" \/><i class=\"fa fa-youtube-play fa-4x fa-border\"><\/i><\/a><\/figure><div class=\"ut-video-loading\"><i class=\"fa fa-spinner fa-3x fa-spin\"><\/i><\/div><\/div><\/p>\n<\/div>\n<div  class=\"ut-one-half ut-column-last  \">\n<p><div id=\"utvs_69dc2f50e4f31\" class=\"ut-shortcode-video-wrap \"><figure class=\"ut-video-caption\"><a class=\"ut-load-video\" data-video=\"https:\/\/vimeo.com\/1034254708\"><img decoding=\"async\" alt=\"Video\" src=\"https:\/\/vogueliveband.com\/wp-content\/uploads\/2024\/11\/sing-1200x640-1.jpg\" \/><i class=\"fa fa-youtube-play fa-4x fa-border\"><\/i><\/a><\/figure><div class=\"ut-video-loading\"><i class=\"fa fa-spinner fa-3x fa-spin\"><\/i><\/div><\/div><\/p>\n<\/div><div class=\"clear\"><\/div>\n<div  class=\"ut-one-half  \">\n<p><strong>I Like To Move It<\/strong><\/p>\n<\/div>\n<div  class=\"ut-one-half ut-column-last  \">\n<p><strong>Sing<\/strong><\/p>\n<\/div><div class=\"clear\"><\/div>\n<div id=\"utvs_69dc2f50e4f4e\" class=\"ut-shortcode-video-wrap \"><figure class=\"ut-video-caption\"><a class=\"ut-load-video\" data-video=\"https:\/\/vimeo.com\/1037796161\"><img decoding=\"async\" alt=\"Video\" src=\"https:\/\/vogueliveband.com\/wp-content\/uploads\/2024\/12\/atmospher-piano2-1200x640-1.jpg\" \/><i class=\"fa fa-youtube-play fa-4x fa-border\"><\/i><\/a><\/figure><div class=\"ut-video-loading\"><i class=\"fa fa-spinner fa-3x fa-spin\"><\/i><\/div><\/div>\n<p><strong>Atmosphere Around the Piano<\/strong><\/p>\n","protected":false},"excerpt":{"rendered":"<p>Teaser Presentation Teaser Monaco Loose Control I Will Allways Love You Lithuanie&#8217;s Teaser Leave The Door Open Heart Baby Be Mine (In New York) Ibiza&#8217;s Teaser Isra\u00ebl&#8217;s Teaser Monaco&#8217;s Teaser Final Atmosphere Around the Piano<\/p>\n","protected":false},"author":1,"featured_media":0,"parent":0,"menu_order":0,"comment_status":"closed","ping_status":"closed","template":"","meta":{"footnotes":""},"class_list":["post-5721","page","type-page","status-publish","hentry"],"yoast_head":"<!-- This site is optimized with the Yoast SEO plugin v25.6 - https:\/\/yoast.com\/wordpress\/plugins\/seo\/ -->\n<title>Our videos - VOGUE Live Band<\/title>\n<meta name=\"description\" content=\"D\u00e9couvrez les vid\u00e9os de l&#039;orchestre Vogue Live Band : mariage, \u00e9v\u00e9nements, bar mitsva . Un show sur-mesure jusqu&#039;\u00e0 18 musiciens sur sc\u00e8ne.\" \/>\n<meta name=\"robots\" content=\"index, follow, max-snippet:-1, max-image-preview:large, max-video-preview:-1\" \/>\n<link rel=\"canonical\" href=\"https:\/\/vogueliveband.com\/en\/our-videos\/\" \/>\n<meta property=\"og:locale\" content=\"en_US\" \/>\n<meta property=\"og:type\" content=\"article\" \/>\n<meta property=\"og:title\" content=\"Our videos - VOGUE Live Band\" \/>\n<meta property=\"og:description\" content=\"D\u00e9couvrez les vid\u00e9os de l&#039;orchestre Vogue Live Band : mariage, \u00e9v\u00e9nements, bar mitsva . Un show sur-mesure jusqu&#039;\u00e0 18 musiciens sur sc\u00e8ne.\" \/>\n<meta property=\"og:url\" content=\"https:\/\/vogueliveband.com\/en\/our-videos\/\" \/>\n<meta property=\"og:site_name\" content=\"VOGUE Live Band\" \/>\n<meta property=\"article:publisher\" content=\"https:\/\/www.facebook.com\/vogueliveband\" \/>\n<meta property=\"article:modified_time\" content=\"2025-08-25T14:14:52+00:00\" \/>\n<meta name=\"twitter:card\" content=\"summary_large_image\" \/>\n<meta name=\"twitter:label1\" content=\"Est. reading time\" \/>\n\t<meta name=\"twitter:data1\" content=\"2 minutes\" \/>\n<script type=\"application\/ld+json\" class=\"yoast-schema-graph\">{\"@context\":\"https:\/\/schema.org\",\"@graph\":[{\"@type\":\"WebPage\",\"@id\":\"https:\/\/vogueliveband.com\/en\/our-videos\/\",\"url\":\"https:\/\/vogueliveband.com\/en\/our-videos\/\",\"name\":\"Our videos - VOGUE Live Band\",\"isPartOf\":{\"@id\":\"https:\/\/vogueliveband.com\/#website\"},\"datePublished\":\"2014-02-07T10:46:58+00:00\",\"dateModified\":\"2025-08-25T14:14:52+00:00\",\"description\":\"D\u00e9couvrez les vid\u00e9os de l'orchestre Vogue Live Band : mariage, \u00e9v\u00e9nements, bar mitsva . Un show sur-mesure jusqu'\u00e0 18 musiciens sur sc\u00e8ne.\",\"breadcrumb\":{\"@id\":\"https:\/\/vogueliveband.com\/en\/our-videos\/#breadcrumb\"},\"inLanguage\":\"en-US\",\"potentialAction\":[{\"@type\":\"ReadAction\",\"target\":[\"https:\/\/vogueliveband.com\/en\/our-videos\/\"]}]},{\"@type\":\"BreadcrumbList\",\"@id\":\"https:\/\/vogueliveband.com\/en\/our-videos\/#breadcrumb\",\"itemListElement\":[{\"@type\":\"ListItem\",\"position\":1,\"name\":\"Accueil\",\"item\":\"https:\/\/vogueliveband.com\/en\/\"},{\"@type\":\"ListItem\",\"position\":2,\"name\":\"Our videos\"}]},{\"@type\":\"WebSite\",\"@id\":\"https:\/\/vogueliveband.com\/#website\",\"url\":\"https:\/\/vogueliveband.com\/\",\"name\":\"VOGUE Live Band\",\"description\":\"Orchestre International\",\"potentialAction\":[{\"@type\":\"SearchAction\",\"target\":{\"@type\":\"EntryPoint\",\"urlTemplate\":\"https:\/\/vogueliveband.com\/?s={search_term_string}\"},\"query-input\":{\"@type\":\"PropertyValueSpecification\",\"valueRequired\":true,\"valueName\":\"search_term_string\"}}],\"inLanguage\":\"en-US\"}]}<\/script>\n<!-- \/ Yoast SEO plugin. -->","yoast_head_json":{"title":"Our videos - VOGUE Live Band","description":"D\u00e9couvrez les vid\u00e9os de l'orchestre Vogue Live Band : mariage, \u00e9v\u00e9nements, bar mitsva . Un show sur-mesure jusqu'\u00e0 18 musiciens sur sc\u00e8ne.","robots":{"index":"index","follow":"follow","max-snippet":"max-snippet:-1","max-image-preview":"max-image-preview:large","max-video-preview":"max-video-preview:-1"},"canonical":"https:\/\/vogueliveband.com\/en\/our-videos\/","og_locale":"en_US","og_type":"article","og_title":"Our videos - VOGUE Live Band","og_description":"D\u00e9couvrez les vid\u00e9os de l'orchestre Vogue Live Band : mariage, \u00e9v\u00e9nements, bar mitsva . Un show sur-mesure jusqu'\u00e0 18 musiciens sur sc\u00e8ne.","og_url":"https:\/\/vogueliveband.com\/en\/our-videos\/","og_site_name":"VOGUE Live Band","article_publisher":"https:\/\/www.facebook.com\/vogueliveband","article_modified_time":"2025-08-25T14:14:52+00:00","twitter_card":"summary_large_image","twitter_misc":{"Est. reading time":"2 minutes"},"schema":{"@context":"https:\/\/schema.org","@graph":[{"@type":"WebPage","@id":"https:\/\/vogueliveband.com\/en\/our-videos\/","url":"https:\/\/vogueliveband.com\/en\/our-videos\/","name":"Our videos - VOGUE Live Band","isPartOf":{"@id":"https:\/\/vogueliveband.com\/#website"},"datePublished":"2014-02-07T10:46:58+00:00","dateModified":"2025-08-25T14:14:52+00:00","description":"D\u00e9couvrez les vid\u00e9os de l'orchestre Vogue Live Band : mariage, \u00e9v\u00e9nements, bar mitsva . Un show sur-mesure jusqu'\u00e0 18 musiciens sur sc\u00e8ne.","breadcrumb":{"@id":"https:\/\/vogueliveband.com\/en\/our-videos\/#breadcrumb"},"inLanguage":"en-US","potentialAction":[{"@type":"ReadAction","target":["https:\/\/vogueliveband.com\/en\/our-videos\/"]}]},{"@type":"BreadcrumbList","@id":"https:\/\/vogueliveband.com\/en\/our-videos\/#breadcrumb","itemListElement":[{"@type":"ListItem","position":1,"name":"Accueil","item":"https:\/\/vogueliveband.com\/en\/"},{"@type":"ListItem","position":2,"name":"Our videos"}]},{"@type":"WebSite","@id":"https:\/\/vogueliveband.com\/#website","url":"https:\/\/vogueliveband.com\/","name":"VOGUE Live Band","description":"Orchestre International","potentialAction":[{"@type":"SearchAction","target":{"@type":"EntryPoint","urlTemplate":"https:\/\/vogueliveband.com\/?s={search_term_string}"},"query-input":{"@type":"PropertyValueSpecification","valueRequired":true,"valueName":"search_term_string"}}],"inLanguage":"en-US"}]}},"_links":{"self":[{"href":"https:\/\/vogueliveband.com\/en\/wp-json\/wp\/v2\/pages\/5721\/"}],"collection":[{"href":"https:\/\/vogueliveband.com\/en\/wp-json\/wp\/v2\/pages\/"}],"about":[{"href":"https:\/\/vogueliveband.com\/en\/wp-json\/wp\/v2\/types\/page\/"}],"author":[{"embeddable":true,"href":"https:\/\/vogueliveband.com\/en\/wp-json\/wp\/v2\/users\/1\/"}],"replies":[{"embeddable":true,"href":"https:\/\/vogueliveband.com\/en\/wp-json\/wp\/v2\/comments\/?post=5721"}],"version-history":[{"count":8,"href":"https:\/\/vogueliveband.com\/en\/wp-json\/wp\/v2\/pages\/5721\/revisions\/"}],"predecessor-version":[{"id":5933,"href":"https:\/\/vogueliveband.com\/en\/wp-json\/wp\/v2\/pages\/5721\/revisions\/5933\/"}],"wp:attachment":[{"href":"https:\/\/vogueliveband.com\/en\/wp-json\/wp\/v2\/media\/?parent=5721"}],"curies":[{"name":"wp","href":"https:\/\/api.w.org\/{rel}","templated":true}]}}